{"id":53,"date":"2020-05-29T21:34:00","date_gmt":"2020-05-29T21:34:00","guid":{"rendered":"http:\/\/fahrzeugwelt.eu\/?page_id=53"},"modified":"2026-03-02T20:12:21","modified_gmt":"2026-03-02T20:12:21","slug":"startseite","status":"publish","type":"page","link":"https:\/\/fahrzeugwelt.eu\/","title":{"rendered":"Herzlich Willkommen"},"content":{"rendered":"\n<h2 class=\"has-text-align-center\"><strong>wir sind f\u00fcr Sie da<\/strong><\/h2>\n\n\n\n<hr class=\"wp-block-separator has-css-opacity\"\/>\n\n\n\n<p><strong>In unserer Kfz-Werkstatt schreiben wir SERVICE ganz gro\u00df. Wir bieten Ihnen neben der Reparatur aller Kfz-Marken noch eine ganze Reihe weiterer Leistungen an.<\/strong><\/p>\n\n\n\n<p><strong>Alle notwendigen Arbeiten besprechen wir mit Ihnen pers\u00f6nlich im Vorfeld und geben Ihnen regelm\u00e4\u00dfige Updates \u00fcber den Verlauf, gerade bei umfangreicheren Reparaturen. Unser geschultes Team hat den Anspruch, Ihnen und Ihrem Fahrzeug das Beste zu bieten: ein schneller, fachm\u00e4nnischer, individueller, auch zeitwertgerechter Service zu absolut fairen Konditionen.&nbsp;<\/strong><\/p>\n\n\n\n<p><strong>Auch sch\u00e4tzen Besitzer eines Young- oder Oldtimers unseren Betrieb als kompetenten und fairen Partner, wenn es um die Wartung und Pflege bzw. um eine Restauration ihres edlen Fahrzeuges geht. Wir widmen uns Ihrem Fahrzeug mit Herzblut, schlie\u00dflich besitzen und fahren wir selbst historische Fahrzeuge.<\/strong><\/p>\n\n\n\n<p><strong>Auch nach der langen Ausnahmesituation\u00a0erm\u00f6glichen wir auf Wunsch die bekannte Abwicklung, wenn Sie uns Ihr Fahrzeug anvertrauen. <br>Gerne holen wir Ihr Fahrzeug auch direkt vor Ihrer Haust\u00fcr ab und bringen es nach erfolgter Reparatur wieder zur\u00fcck !<\/strong><\/p>\n","protected":false},"excerpt":{"rendered":"<p>wir sind f\u00fcr Sie da In unserer Kfz-Werkstatt schreiben wir SERVICE ganz gro\u00df. Wir bieten Ihnen neben der Reparatur aller Kfz-Marken noch eine ganze Reihe weiterer Leistungen an. Alle notwendigen Arbeiten besprechen wir mit Ihnen pers\u00f6nlich im Vorfeld und geben Ihnen regelm\u00e4\u00dfige Updates \u00fcber den Verlauf, gerade bei umfangreicheren Reparaturen. Unser geschultes Team hat den &#8230; <a title=\"Herzlich Willkommen\" class=\"read-more\" href=\"https:\/\/fahrzeugwelt.eu\/\" aria-label=\"Mehr dazu unter Herzlich Willkommen\">Weiterlesen<\/a><\/p>\n","protected":false},"author":1,"featured_media":0,"parent":0,"menu_order":0,"comment_status":"closed","ping_status":"closed","template":"","meta":[],"_links":{"self":[{"href":"https:\/\/fahrzeugwelt.eu\/index.php?rest_route=\/wp\/v2\/pages\/53"}],"collection":[{"href":"https:\/\/fahrzeugwelt.eu\/index.php?rest_route=\/wp\/v2\/pages"}],"about":[{"href":"https:\/\/fahrzeugwelt.eu\/index.php?rest_route=\/wp\/v2\/types\/page"}],"author":[{"embeddable":true,"href":"https:\/\/fahrzeugwelt.eu\/index.php?rest_route=\/wp\/v2\/users\/1"}],"replies":[{"embeddable":true,"href":"https:\/\/fahrzeugwelt.eu\/index.php?rest_route=%2Fwp%2Fv2%2Fcomments&post=53"}],"version-history":[{"count":16,"href":"https:\/\/fahrzeugwelt.eu\/index.php?rest_route=\/wp\/v2\/pages\/53\/revisions"}],"predecessor-version":[{"id":128,"href":"https:\/\/fahrzeugwelt.eu\/index.php?rest_route=\/wp\/v2\/pages\/53\/revisions\/128"}],"wp:attachment":[{"href":"https:\/\/fahrzeugwelt.eu\/index.php?rest_route=%2Fwp%2Fv2%2Fmedia&parent=53"}],"curies":[{"name":"wp","href":"https:\/\/api.w.org\/{rel}","templated":true}]}}