{"id":43,"date":"2020-05-29T21:32:03","date_gmt":"2020-05-29T21:32:03","guid":{"rendered":"http:\/\/fahrzeugwelt.eu\/?page_id=43"},"modified":"2021-07-13T16:51:57","modified_gmt":"2021-07-13T16:51:57","slug":"leistungen","status":"publish","type":"page","link":"https:\/\/fahrzeugwelt.eu\/?page_id=43","title":{"rendered":"Leistungen"},"content":{"rendered":"\n<p class=\"has-medium-font-size\"><strong>Reparaturen aller Marken:<\/strong><\/p>\n\n\n\n<ul><li>Autos<\/li><li>Transporter<\/li><li>Motorr\u00e4der<\/li><li>Anh\u00e4nger<\/li><li>Rasenm\u00e4her<\/li><li>Kleintraktoren<\/li><\/ul>\n\n\n\n<p class=\"has-medium-font-size\"><strong>Fahrzeugsuche &#8211; ihr Weg zum Wunschfahrzeug<\/strong>:<\/p>\n\n\n\n<ul><li>gezielte Fahrzeugbeschaffung<\/li><li>Vermittlung von Jahres- und Gebrauchtwagen<\/li><\/ul>\n\n\n\n<p class=\"has-medium-font-size\"><strong>Verkauf von Ersatz- und Tuningteile<\/strong><\/p>\n\n\n\n<p class=\"has-medium-font-size\"><strong>Oldtimer<\/strong><\/p>\n\n\n\n<ul><li>Restaurierung<\/li><li>Ersatzteilbeschaffung<\/li><li>Projekt VW \u201eBulli\u201c T1<\/li><li>Weitere Informationen finden Sie bei <a rel=\"noreferrer noopener\" href=\"https:\/\/fahrzeugwelt-classic.eu\/\" target=\"_blank\">https:\/\/fahrzeugwelt-classic.eu\/<\/a><\/li><\/ul>\n\n\n\n<p class=\"has-medium-font-size\"><strong>T\u00dcV und Zulassungsservice<\/strong><\/p>\n\n\n\n<p class=\"has-medium-font-size\"><strong>Reifenservice<\/strong><\/p>\n\n\n\n<p class=\"has-medium-font-size\"><strong>Abschleppen und Unfallinstandsetzung<\/strong><\/p>\n\n\n\n<p class=\"has-medium-font-size\"><strong>Fahrzeugaufbereitung<\/strong><\/p>\n\n\n\n<p class=\"has-medium-font-size\"><strong>Fahrzeug\u00fcberf\u00fchrung<\/strong><\/p>\n","protected":false},"excerpt":{"rendered":"<p>Reparaturen aller Marken: Autos Transporter Motorr\u00e4der Anh\u00e4nger Rasenm\u00e4her Kleintraktoren Fahrzeugsuche &#8211; ihr Weg zum Wunschfahrzeug: gezielte Fahrzeugbeschaffung Vermittlung von Jahres- und Gebrauchtwagen Verkauf von Ersatz- und Tuningteile Oldtimer Restaurierung Ersatzteilbeschaffung Projekt VW \u201eBulli\u201c T1 Weitere Informationen finden Sie bei https:\/\/fahrzeugwelt-classic.eu\/ T\u00dcV und Zulassungsservice Reifenservice Abschleppen und Unfallinstandsetzung Fahrzeugaufbereitung Fahrzeug\u00fcberf\u00fchrung<\/p>\n","protected":false},"author":1,"featured_media":0,"parent":0,"menu_order":0,"comment_status":"closed","ping_status":"closed","template":"","meta":[],"_links":{"self":[{"href":"https:\/\/fahrzeugwelt.eu\/index.php?rest_route=\/wp\/v2\/pages\/43"}],"collection":[{"href":"https:\/\/fahrzeugwelt.eu\/index.php?rest_route=\/wp\/v2\/pages"}],"about":[{"href":"https:\/\/fahrzeugwelt.eu\/index.php?rest_route=\/wp\/v2\/types\/page"}],"author":[{"embeddable":true,"href":"https:\/\/fahrzeugwelt.eu\/index.php?rest_route=\/wp\/v2\/users\/1"}],"replies":[{"embeddable":true,"href":"https:\/\/fahrzeugwelt.eu\/index.php?rest_route=%2Fwp%2Fv2%2Fcomments&post=43"}],"version-history":[{"count":9,"href":"https:\/\/fahrzeugwelt.eu\/index.php?rest_route=\/wp\/v2\/pages\/43\/revisions"}],"predecessor-version":[{"id":120,"href":"https:\/\/fahrzeugwelt.eu\/index.php?rest_route=\/wp\/v2\/pages\/43\/revisions\/120"}],"wp:attachment":[{"href":"https:\/\/fahrzeugwelt.eu\/index.php?rest_route=%2Fwp%2Fv2%2Fmedia&parent=43"}],"curies":[{"name":"wp","href":"https:\/\/api.w.org\/{rel}","templated":true}]}}